{"id":5663,"date":"2023-12-05T12:18:29","date_gmt":"2023-12-05T09:18:29","guid":{"rendered":"https:\/\/www.ozgungrup.net\/?page_id=5663"},"modified":"2024-06-27T21:45:51","modified_gmt":"2024-06-27T18:45:51","slug":"misyon-vizyon","status":"publish","type":"page","link":"https:\/\/www.ozgungrup.net\/index.php\/misyon-vizyon\/","title":{"rendered":"Misyon-Vizyon"},"content":{"rendered":"<p>[vc_row full_width=&#8221;stretch_row&#8221; background_image=&#8221;5646&#8243; background_position=&#8221;center&#8221;][vc_column][tm_spacer size=&#8221;lg:200&#8243;][tm_heading custom_google_font=&#8221;&#8221; google_fonts=&#8221;font_family:Abril%20Fatface%3Aregular|font_style:400%20regular%3A400%3Anormal&#8221; font_weight=&#8221;100&#8243; align=&#8221;center&#8221; text_color=&#8221;custom&#8221; custom_text_color=&#8221;#ffffff&#8221; hover_text_color=&#8221;custom&#8221; custom_hover_text_color=&#8221;&#8221; text=&#8221;Misyon \/ Vizyon&#8221; font_size=&#8221;lg:65&#8243;][tm_spacer size=&#8221;lg:160&#8243;][\/vc_column][\/vc_row][vc_row full_width=&#8221;stretch_row&#8221; content_placement=&#8221;top&#8221; lg_spacing=&#8221;padding_top:50;padding_bottom:50&#8243; md_spacing=&#8221;padding_top:30;padding_bottom:30&#8243; sm_spacing=&#8221;padding_top:30;padding_bottom:30&#8243; xs_spacing=&#8221;padding_top:10;padding_bottom:10&#8243;][vc_column width=&#8221;1\/2&#8243;][vc_row_inner content_placement=&#8221;top&#8221;][vc_column_inner][tm_spacer size=&#8221;xs:16&#8243;][tm_icon icon_type=&#8221;linea_svg&#8221; icon_linea_svg=&#8221;linea-basic-compass&#8221; md_align=&#8221;left&#8221; sm_align=&#8221;left&#8221;][tm_spacer size=&#8221;sm:25;md:27;lg:35&#8243;][tm_heading custom_google_font=&#8221;&#8221; google_fonts=&#8221;font_family:Abril%20Fatface%3Aregular|font_style:400%20regular%3A400%3Anormal&#8221; text_color=&#8221;primary&#8221; text=&#8221;Misyonumuz&#8221; font_size=&#8221;lg:18&#8243; line_height=&#8221;1.44&#8243;][tm_spacer size=&#8221;lg:20&#8243;][tm_heading tag=&#8221;div&#8221; custom_google_font=&#8221;&#8221; google_fonts=&#8221;font_family:Abril%20Fatface%3Aregular|font_style:400%20regular%3A400%3Anormal&#8221; text=&#8221;Lorem ipsum dolor sit amet, consectetur adipiscing elit. Vestibulum tincidunt lectus eget odio tristique, quis mattis dui tempus. Mauris ut ullamcorper tellus.&#8221;][tm_spacer size=&#8221;lg:20&#8243;][tm_heading custom_google_font=&#8221;&#8221; google_fonts=&#8221;font_family:Abril%20Fatface%3Aregular|font_style:400%20regular%3A400%3Anormal&#8221; text_color=&#8221;primary&#8221; text=&#8221;Vizyonumuz&#8221; font_size=&#8221;lg:18&#8243; line_height=&#8221;1.44&#8243;][tm_spacer size=&#8221;lg:20&#8243;][tm_heading tag=&#8221;div&#8221; custom_google_font=&#8221;&#8221; google_fonts=&#8221;font_family:Abril%20Fatface%3Aregular|font_style:400%20regular%3A400%3Anormal&#8221; text=&#8221;Praesent iaculis molestie dolor, et tincidunt lectus mattis vitae. Nunc condimentum pharetra rutrum. Morbi pellentesque ex vel odio fermentum bibendum. Lorem ipsum dolor sit amet.&#8221;][\/vc_column_inner][\/vc_row_inner][tm_spacer size=&#8221;lg:40&#8243;][\/vc_column][vc_column width=&#8221;1\/2&#8243;][tm_image align=&#8221;center&#8221; md_align=&#8221;center&#8221; sm_align=&#8221;center&#8221; image=&#8221;5666&#8243;][tm_spacer size=&#8221;sm:50&#8243;][\/vc_column][\/vc_row]<\/p>\n","protected":false},"excerpt":{"rendered":"<p>[vc_row full_width=&#8221;stretch_row&#8221; background_image=&#8221;5646&#8243; background_position=&#8221;center&#8221;][vc_column][tm_spacer size=&#8221;lg:200&#8243;][tm_heading custom_google_font=&#8221;&#8221; google_fonts=&#8221;font_family:Abril%20Fatface%3Aregular|font_style:400%20regular%3A400%3Anormal&#8221; font_weight=&#8221;100&#8243; align=&#8221;center&#8221; text_color=&#8221;custom&#8221; custom_text_color=&#8221;#ffffff&#8221; hover_text_color=&#8221;custom&#8221; custom_hover_text_color=&#8221;&#8221; text=&#8221;Misyon \/ Vizyon&#8221; font_size=&#8221;lg:65&#8243;][tm_spacer size=&#8221;lg:160&#8243;][\/vc_column][\/vc_row][vc_row full_width=&#8221;stretch_row&#8221; content_placement=&#8221;top&#8221; lg_spacing=&#8221;padding_top:50;padding_bottom:50&#8243; md_spacing=&#8221;padding_top:30;padding_bottom:30&#8243; sm_spacing=&#8221;padding_top:30;padding_bottom:30&#8243; xs_spacing=&#8221;padding_top:10;padding_bottom:10&#8243;][vc_column width=&#8221;1\/2&#8243;][vc_row_inner content_placement=&#8221;top&#8221;][vc_column_inner][tm_spacer size=&#8221;xs:16&#8243;][tm_icon icon_type=&#8221;linea_svg&#8221; icon_linea_svg=&#8221;linea-basic-compass&#8221; md_align=&#8221;left&#8221; sm_align=&#8221;left&#8221;][tm_spacer size=&#8221;sm:25;md:27;lg:35&#8243;][tm_heading custom_google_font=&#8221;&#8221; google_fonts=&#8221;font_family:Abril%20Fatface%3Aregular|font_style:400%20regular%3A400%3Anormal&#8221; text_color=&#8221;primary&#8221; text=&#8221;Misyonumuz&#8221; font_size=&#8221;lg:18&#8243; line_height=&#8221;1.44&#8243;][tm_spacer size=&#8221;lg:20&#8243;][tm_heading tag=&#8221;div&#8221; custom_google_font=&#8221;&#8221; google_fonts=&#8221;font_family:Abril%20Fatface%3Aregular|font_style:400%20regular%3A400%3Anormal&#8221; text=&#8221;Lorem ipsum dolor sit amet, consectetur adipiscing elit. Vestibulum tincidunt lectus eget odio tristique, quis mattis dui tempus. Mauris ut ullamcorper tellus.&#8221;][tm_spacer size=&#8221;lg:20&#8243;][tm_heading custom_google_font=&#8221;&#8221; google_fonts=&#8221;font_family:Abril%20Fatface%3Aregular|font_style:400%20regular%3A400%3Anormal&#8221; text_color=&#8221;primary&#8221; text=&#8221;Vizyonumuz&#8221; font_size=&#8221;lg:18&#8243; line_height=&#8221;1.44&#8243;][tm_spacer size=&#8221;lg:20&#8243;][tm_heading tag=&#8221;div&#8221; custom_google_font=&#8221;&#8221; google_fonts=&#8221;font_family:Abril%20Fatface%3Aregular|font_style:400%20regular%3A400%3Anormal&#8221; text=&#8221;Praesent iaculis molestie dolor, et tincidunt lectus mattis vitae. Nunc condimentum pharetra rutrum. Morbi pellentesque ex vel odio fermentum bibendum. Lorem ipsum dolor sit amet.&#8221;][\/vc_column_inner][\/vc_row_inner][tm_spacer size=&#8221;lg:40&#8243;][\/vc_column][vc_column width=&#8221;1\/2&#8243;][tm_image align=&#8221;center&#8221; md_align=&#8221;center&#8221; sm_align=&#8221;center&#8221; image=&#8221;5666&#8243;][tm_spacer size=&#8221;sm:50&#8243;][\/vc_column][\/vc_row]<\/p>\n","protected":false},"author":1,"featured_media":0,"parent":0,"menu_order":0,"comment_status":"closed","ping_status":"closed","template":"","meta":[],"yoast_head":"<!-- This site is optimized with the Yoast SEO plugin v16.7 - https:\/\/yoast.com\/wordpress\/plugins\/seo\/ -->\n<title>Misyon-Vizyon - \u00d6ZG\u00dcN GRUP, Panel \u00c7it \u00dcretimi, Panel \u00c7it Mersin, Panel \u00c7it Fiyatlar\u0131, Tel \u00d6rg\u00fc Mersin, Tel \u00d6rg\u00fc Fiyatlar\u0131, Jiletli Tel Mersin, Jiletli Tel \u00dcretimi, Tel \u00c7it Mersin, Tel \u00d6rg\u00fc \u00dcretimi<\/title>\n<meta name=\"robots\" content=\"index, follow, max-snippet:-1, max-image-preview:large, max-video-preview:-1\" \/>\n<link rel=\"canonical\" href=\"https:\/\/www.ozgungrup.net\/index.php\/misyon-vizyon\/\" \/>\n<meta property=\"og:locale\" content=\"tr_TR\" \/>\n<meta property=\"og:type\" content=\"article\" \/>\n<meta property=\"og:title\" content=\"Misyon-Vizyon - \u00d6ZG\u00dcN GRUP, Panel \u00c7it \u00dcretimi, Panel \u00c7it Mersin, Panel \u00c7it Fiyatlar\u0131, Tel \u00d6rg\u00fc Mersin, Tel \u00d6rg\u00fc Fiyatlar\u0131, Jiletli Tel Mersin, Jiletli Tel \u00dcretimi, Tel \u00c7it Mersin, Tel \u00d6rg\u00fc \u00dcretimi\" \/>\n<meta property=\"og:description\" content=\"[vc_row full_width=&#8221;stretch_row&#8221; background_image=&#8221;5646&#8243; background_position=&#8221;center&#8221;][vc_column][tm_spacer size=&#8221;lg:200&#8243;][tm_heading custom_google_font=&#8221;&#8221; google_fonts=&#8221;font_family:Abril%20Fatface%3Aregular|font_style:400%20regular%3A400%3Anormal&#8221; font_weight=&#8221;100&#8243; align=&#8221;center&#8221; text_color=&#8221;custom&#8221; custom_text_color=&#8221;#ffffff&#8221; hover_text_color=&#8221;custom&#8221; custom_hover_text_color=&#8221;&#8221; text=&#8221;Misyon \/ Vizyon&#8221; font_size=&#8221;lg:65&#8243;][tm_spacer size=&#8221;lg:160&#8243;][\/vc_column][\/vc_row][vc_row full_width=&#8221;stretch_row&#8221; content_placement=&#8221;top&#8221; lg_spacing=&#8221;padding_top:50;padding_bottom:50&#8243; md_spacing=&#8221;padding_top:30;padding_bottom:30&#8243; sm_spacing=&#8221;padding_top:30;padding_bottom:30&#8243; xs_spacing=&#8221;padding_top:10;padding_bottom:10&#8243;][vc_column width=&#8221;1\/2&#8243;][vc_row_inner content_placement=&#8221;top&#8221;][vc_column_inner][tm_spacer size=&#8221;xs:16&#8243;][tm_icon icon_type=&#8221;linea_svg&#8221; icon_linea_svg=&#8221;linea-basic-compass&#8221; md_align=&#8221;left&#8221; sm_align=&#8221;left&#8221;][tm_spacer size=&#8221;sm:25;md:27;lg:35&#8243;][tm_heading custom_google_font=&#8221;&#8221; google_fonts=&#8221;font_family:Abril%20Fatface%3Aregular|font_style:400%20regular%3A400%3Anormal&#8221; text_color=&#8221;primary&#8221; text=&#8221;Misyonumuz&#8221; font_size=&#8221;lg:18&#8243; line_height=&#8221;1.44&#8243;][tm_spacer size=&#8221;lg:20&#8243;][tm_heading tag=&#8221;div&#8221; custom_google_font=&#8221;&#8221; google_fonts=&#8221;font_family:Abril%20Fatface%3Aregular|font_style:400%20regular%3A400%3Anormal&#8221; text=&#8221;Lorem ipsum dolor sit amet, consectetur adipiscing elit. Vestibulum tincidunt lectus eget odio tristique, quis mattis dui tempus. Mauris ut ullamcorper tellus.&#8221;][tm_spacer size=&#8221;lg:20&#8243;][tm_heading custom_google_font=&#8221;&#8221; google_fonts=&#8221;font_family:Abril%20Fatface%3Aregular|font_style:400%20regular%3A400%3Anormal&#8221; text_color=&#8221;primary&#8221; text=&#8221;Vizyonumuz&#8221; font_size=&#8221;lg:18&#8243; line_height=&#8221;1.44&#8243;][tm_spacer size=&#8221;lg:20&#8243;][tm_heading tag=&#8221;div&#8221; custom_google_font=&#8221;&#8221; google_fonts=&#8221;font_family:Abril%20Fatface%3Aregular|font_style:400%20regular%3A400%3Anormal&#8221; text=&#8221;Praesent iaculis molestie dolor, et tincidunt lectus mattis vitae. Nunc condimentum pharetra rutrum. Morbi pellentesque ex vel odio fermentum bibendum. Lorem ipsum dolor sit amet.&#8221;][\/vc_column_inner][\/vc_row_inner][tm_spacer size=&#8221;lg:40&#8243;][\/vc_column][vc_column width=&#8221;1\/2&#8243;][tm_image align=&#8221;center&#8221; md_align=&#8221;center&#8221; sm_align=&#8221;center&#8221; image=&#8221;5666&#8243;][tm_spacer size=&#8221;sm:50&#8243;][\/vc_column][\/vc_row]\" \/>\n<meta property=\"og:url\" content=\"https:\/\/www.ozgungrup.net\/index.php\/misyon-vizyon\/\" \/>\n<meta property=\"og:site_name\" content=\"\u00d6ZG\u00dcN GRUP, Panel \u00c7it \u00dcretimi, Panel \u00c7it Mersin, Panel \u00c7it Fiyatlar\u0131, Tel \u00d6rg\u00fc Mersin, Tel \u00d6rg\u00fc Fiyatlar\u0131, Jiletli Tel Mersin, Jiletli Tel \u00dcretimi, Tel \u00c7it Mersin, Tel \u00d6rg\u00fc \u00dcretimi\" \/>\n<meta property=\"article:modified_time\" content=\"2024-06-27T18:45:51+00:00\" \/>\n<meta name=\"twitter:card\" content=\"summary_large_image\" \/>\n<meta name=\"twitter:label1\" content=\"Tahmini okuma s\u00fcresi\" \/>\n\t<meta name=\"twitter:data1\" content=\"2 dakika\" \/>\n<script type=\"application\/ld+json\" class=\"yoast-schema-graph\">{\"@context\":\"https:\/\/schema.org\",\"@graph\":[{\"@type\":\"WebSite\",\"@id\":\"https:\/\/www.ozgungrup.net\/#website\",\"url\":\"https:\/\/www.ozgungrup.net\/\",\"name\":\"\\u00d6ZG\\u00dcN GRUP, Panel \\u00c7it \\u00dcretimi, Panel \\u00c7it Mersin, Panel \\u00c7it Fiyatlar\\u0131, Tel \\u00d6rg\\u00fc Mersin, Tel \\u00d6rg\\u00fc Fiyatlar\\u0131, Jiletli Tel Mersin, Jiletli Tel \\u00dcretimi, Tel \\u00c7it Mersin, Tel \\u00d6rg\\u00fc \\u00dcretimi\",\"description\":\"Panel \\u00c7it \\u00dcretimi, Panel \\u00c7it Mersin, Panel \\u00c7it Fiyatlar\\u0131, Tel \\u00d6rg\\u00fc Mersin, Tel \\u00d6rg\\u00fc Fiyatlar\\u0131, Jiletli Tel Mersin, Jiletli Tel \\u00dcretimi, Tel \\u00c7it Mersin, Tel \\u00d6rg\\u00fc \\u00dcretimi\",\"potentialAction\":[{\"@type\":\"SearchAction\",\"target\":{\"@type\":\"EntryPoint\",\"urlTemplate\":\"https:\/\/www.ozgungrup.net\/?s={search_term_string}\"},\"query-input\":\"required name=search_term_string\"}],\"inLanguage\":\"tr\"},{\"@type\":\"WebPage\",\"@id\":\"https:\/\/www.ozgungrup.net\/index.php\/misyon-vizyon\/#webpage\",\"url\":\"https:\/\/www.ozgungrup.net\/index.php\/misyon-vizyon\/\",\"name\":\"Misyon-Vizyon - \\u00d6ZG\\u00dcN GRUP, Panel \\u00c7it \\u00dcretimi, Panel \\u00c7it Mersin, Panel \\u00c7it Fiyatlar\\u0131, Tel \\u00d6rg\\u00fc Mersin, Tel \\u00d6rg\\u00fc Fiyatlar\\u0131, Jiletli Tel Mersin, Jiletli Tel \\u00dcretimi, Tel \\u00c7it Mersin, Tel \\u00d6rg\\u00fc \\u00dcretimi\",\"isPartOf\":{\"@id\":\"https:\/\/www.ozgungrup.net\/#website\"},\"datePublished\":\"2023-12-05T09:18:29+00:00\",\"dateModified\":\"2024-06-27T18:45:51+00:00\",\"breadcrumb\":{\"@id\":\"https:\/\/www.ozgungrup.net\/index.php\/misyon-vizyon\/#breadcrumb\"},\"inLanguage\":\"tr\",\"potentialAction\":[{\"@type\":\"ReadAction\",\"target\":[\"https:\/\/www.ozgungrup.net\/index.php\/misyon-vizyon\/\"]}]},{\"@type\":\"BreadcrumbList\",\"@id\":\"https:\/\/www.ozgungrup.net\/index.php\/misyon-vizyon\/#breadcrumb\",\"itemListElement\":[{\"@type\":\"ListItem\",\"position\":1,\"name\":\"Home\",\"item\":\"https:\/\/www.ozgungrup.net\/\"},{\"@type\":\"ListItem\",\"position\":2,\"name\":\"Misyon-Vizyon\"}]}]}<\/script>\n<!-- \/ Yoast SEO plugin. -->","yoast_head_json":{"title":"Misyon-Vizyon - \u00d6ZG\u00dcN GRUP, Panel \u00c7it \u00dcretimi, Panel \u00c7it Mersin, Panel \u00c7it Fiyatlar\u0131, Tel \u00d6rg\u00fc Mersin, Tel \u00d6rg\u00fc Fiyatlar\u0131, Jiletli Tel Mersin, Jiletli Tel \u00dcretimi, Tel \u00c7it Mersin, Tel \u00d6rg\u00fc \u00dcretimi","robots":{"index":"index","follow":"follow","max-snippet":"max-snippet:-1","max-image-preview":"max-image-preview:large","max-video-preview":"max-video-preview:-1"},"canonical":"https:\/\/www.ozgungrup.net\/index.php\/misyon-vizyon\/","og_locale":"tr_TR","og_type":"article","og_title":"Misyon-Vizyon - \u00d6ZG\u00dcN GRUP, Panel \u00c7it \u00dcretimi, Panel \u00c7it Mersin, Panel \u00c7it Fiyatlar\u0131, Tel \u00d6rg\u00fc Mersin, Tel \u00d6rg\u00fc Fiyatlar\u0131, Jiletli Tel Mersin, Jiletli Tel \u00dcretimi, Tel \u00c7it Mersin, Tel \u00d6rg\u00fc \u00dcretimi","og_description":"[vc_row full_width=&#8221;stretch_row&#8221; background_image=&#8221;5646&#8243; background_position=&#8221;center&#8221;][vc_column][tm_spacer size=&#8221;lg:200&#8243;][tm_heading custom_google_font=&#8221;&#8221; google_fonts=&#8221;font_family:Abril%20Fatface%3Aregular|font_style:400%20regular%3A400%3Anormal&#8221; font_weight=&#8221;100&#8243; align=&#8221;center&#8221; text_color=&#8221;custom&#8221; custom_text_color=&#8221;#ffffff&#8221; hover_text_color=&#8221;custom&#8221; custom_hover_text_color=&#8221;&#8221; text=&#8221;Misyon \/ Vizyon&#8221; font_size=&#8221;lg:65&#8243;][tm_spacer size=&#8221;lg:160&#8243;][\/vc_column][\/vc_row][vc_row full_width=&#8221;stretch_row&#8221; content_placement=&#8221;top&#8221; lg_spacing=&#8221;padding_top:50;padding_bottom:50&#8243; md_spacing=&#8221;padding_top:30;padding_bottom:30&#8243; sm_spacing=&#8221;padding_top:30;padding_bottom:30&#8243; xs_spacing=&#8221;padding_top:10;padding_bottom:10&#8243;][vc_column width=&#8221;1\/2&#8243;][vc_row_inner content_placement=&#8221;top&#8221;][vc_column_inner][tm_spacer size=&#8221;xs:16&#8243;][tm_icon icon_type=&#8221;linea_svg&#8221; icon_linea_svg=&#8221;linea-basic-compass&#8221; md_align=&#8221;left&#8221; sm_align=&#8221;left&#8221;][tm_spacer size=&#8221;sm:25;md:27;lg:35&#8243;][tm_heading custom_google_font=&#8221;&#8221; google_fonts=&#8221;font_family:Abril%20Fatface%3Aregular|font_style:400%20regular%3A400%3Anormal&#8221; text_color=&#8221;primary&#8221; text=&#8221;Misyonumuz&#8221; font_size=&#8221;lg:18&#8243; line_height=&#8221;1.44&#8243;][tm_spacer size=&#8221;lg:20&#8243;][tm_heading tag=&#8221;div&#8221; custom_google_font=&#8221;&#8221; google_fonts=&#8221;font_family:Abril%20Fatface%3Aregular|font_style:400%20regular%3A400%3Anormal&#8221; text=&#8221;Lorem ipsum dolor sit amet, consectetur adipiscing elit. Vestibulum tincidunt lectus eget odio tristique, quis mattis dui tempus. Mauris ut ullamcorper tellus.&#8221;][tm_spacer size=&#8221;lg:20&#8243;][tm_heading custom_google_font=&#8221;&#8221; google_fonts=&#8221;font_family:Abril%20Fatface%3Aregular|font_style:400%20regular%3A400%3Anormal&#8221; text_color=&#8221;primary&#8221; text=&#8221;Vizyonumuz&#8221; font_size=&#8221;lg:18&#8243; line_height=&#8221;1.44&#8243;][tm_spacer size=&#8221;lg:20&#8243;][tm_heading tag=&#8221;div&#8221; custom_google_font=&#8221;&#8221; google_fonts=&#8221;font_family:Abril%20Fatface%3Aregular|font_style:400%20regular%3A400%3Anormal&#8221; text=&#8221;Praesent iaculis molestie dolor, et tincidunt lectus mattis vitae. Nunc condimentum pharetra rutrum. Morbi pellentesque ex vel odio fermentum bibendum. Lorem ipsum dolor sit amet.&#8221;][\/vc_column_inner][\/vc_row_inner][tm_spacer size=&#8221;lg:40&#8243;][\/vc_column][vc_column width=&#8221;1\/2&#8243;][tm_image align=&#8221;center&#8221; md_align=&#8221;center&#8221; sm_align=&#8221;center&#8221; image=&#8221;5666&#8243;][tm_spacer size=&#8221;sm:50&#8243;][\/vc_column][\/vc_row]","og_url":"https:\/\/www.ozgungrup.net\/index.php\/misyon-vizyon\/","og_site_name":"\u00d6ZG\u00dcN GRUP, Panel \u00c7it \u00dcretimi, Panel \u00c7it Mersin, Panel \u00c7it Fiyatlar\u0131, Tel \u00d6rg\u00fc Mersin, Tel \u00d6rg\u00fc Fiyatlar\u0131, Jiletli Tel Mersin, Jiletli Tel \u00dcretimi, Tel \u00c7it Mersin, Tel \u00d6rg\u00fc \u00dcretimi","article_modified_time":"2024-06-27T18:45:51+00:00","twitter_card":"summary_large_image","twitter_misc":{"Tahmini okuma s\u00fcresi":"2 dakika"},"schema":{"@context":"https:\/\/schema.org","@graph":[{"@type":"WebSite","@id":"https:\/\/www.ozgungrup.net\/#website","url":"https:\/\/www.ozgungrup.net\/","name":"\u00d6ZG\u00dcN GRUP, Panel \u00c7it \u00dcretimi, Panel \u00c7it Mersin, Panel \u00c7it Fiyatlar\u0131, Tel \u00d6rg\u00fc Mersin, Tel \u00d6rg\u00fc Fiyatlar\u0131, Jiletli Tel Mersin, Jiletli Tel \u00dcretimi, Tel \u00c7it Mersin, Tel \u00d6rg\u00fc \u00dcretimi","description":"Panel \u00c7it \u00dcretimi, Panel \u00c7it Mersin, Panel \u00c7it Fiyatlar\u0131, Tel \u00d6rg\u00fc Mersin, Tel \u00d6rg\u00fc Fiyatlar\u0131, Jiletli Tel Mersin, Jiletli Tel \u00dcretimi, Tel \u00c7it Mersin, Tel \u00d6rg\u00fc \u00dcretimi","potentialAction":[{"@type":"SearchAction","target":{"@type":"EntryPoint","urlTemplate":"https:\/\/www.ozgungrup.net\/?s={search_term_string}"},"query-input":"required name=search_term_string"}],"inLanguage":"tr"},{"@type":"WebPage","@id":"https:\/\/www.ozgungrup.net\/index.php\/misyon-vizyon\/#webpage","url":"https:\/\/www.ozgungrup.net\/index.php\/misyon-vizyon\/","name":"Misyon-Vizyon - \u00d6ZG\u00dcN GRUP, Panel \u00c7it \u00dcretimi, Panel \u00c7it Mersin, Panel \u00c7it Fiyatlar\u0131, Tel \u00d6rg\u00fc Mersin, Tel \u00d6rg\u00fc Fiyatlar\u0131, Jiletli Tel Mersin, Jiletli Tel \u00dcretimi, Tel \u00c7it Mersin, Tel \u00d6rg\u00fc \u00dcretimi","isPartOf":{"@id":"https:\/\/www.ozgungrup.net\/#website"},"datePublished":"2023-12-05T09:18:29+00:00","dateModified":"2024-06-27T18:45:51+00:00","breadcrumb":{"@id":"https:\/\/www.ozgungrup.net\/index.php\/misyon-vizyon\/#breadcrumb"},"inLanguage":"tr","potentialAction":[{"@type":"ReadAction","target":["https:\/\/www.ozgungrup.net\/index.php\/misyon-vizyon\/"]}]},{"@type":"BreadcrumbList","@id":"https:\/\/www.ozgungrup.net\/index.php\/misyon-vizyon\/#breadcrumb","itemListElement":[{"@type":"ListItem","position":1,"name":"Home","item":"https:\/\/www.ozgungrup.net\/"},{"@type":"ListItem","position":2,"name":"Misyon-Vizyon"}]}]}},"_links":{"self":[{"href":"https:\/\/www.ozgungrup.net\/index.php\/wp-json\/wp\/v2\/pages\/5663"}],"collection":[{"href":"https:\/\/www.ozgungrup.net\/index.php\/wp-json\/wp\/v2\/pages"}],"about":[{"href":"https:\/\/www.ozgungrup.net\/index.php\/wp-json\/wp\/v2\/types\/page"}],"author":[{"embeddable":true,"href":"https:\/\/www.ozgungrup.net\/index.php\/wp-json\/wp\/v2\/users\/1"}],"replies":[{"embeddable":true,"href":"https:\/\/www.ozgungrup.net\/index.php\/wp-json\/wp\/v2\/comments?post=5663"}],"version-history":[{"count":4,"href":"https:\/\/www.ozgungrup.net\/index.php\/wp-json\/wp\/v2\/pages\/5663\/revisions"}],"predecessor-version":[{"id":5964,"href":"https:\/\/www.ozgungrup.net\/index.php\/wp-json\/wp\/v2\/pages\/5663\/revisions\/5964"}],"wp:attachment":[{"href":"https:\/\/www.ozgungrup.net\/index.php\/wp-json\/wp\/v2\/media?parent=5663"}],"curies":[{"name":"wp","href":"https:\/\/api.w.org\/{rel}","templated":true}]}}